{"id":1049,"date":"2022-01-07T00:58:21","date_gmt":"2022-01-07T03:58:21","guid":{"rendered":"https:\/\/www.restauranteasiana.com.br\/site\/?page_id=1049"},"modified":"2025-10-22T10:42:24","modified_gmt":"2025-10-22T13:42:24","slug":"politica-de-camera-de-seguranca","status":"publish","type":"page","link":"https:\/\/www.restauranteasiana.com.br\/site\/politica-de-camera-de-seguranca\/","title":{"rendered":"Pol\u00edtica de C\u00e2mera de Seguran\u00e7a"},"content":{"rendered":"[vc_row type=&#8221;full_width_background&#8221; full_screen_row_position=&#8221;middle&#8221; column_margin=&#8221;default&#8221; equal_height=&#8221;yes&#8221; content_placement=&#8221;bottom&#8221; column_direction=&#8221;default&#8221; column_direction_tablet=&#8221;default&#8221; column_direction_phone=&#8221;default&#8221; bg_color=&#8221;#000000&#8243; bg_image=&#8221;1057&#8243; bg_position=&#8221;center center&#8221; background_image_loading=&#8221;default&#8221; bg_repeat=&#8221;no-repeat&#8221; scene_position=&#8221;center&#8221; top_padding=&#8221;16%&#8221; bottom_padding=&#8221;12%&#8221; text_color=&#8221;light&#8221; text_align=&#8221;left&#8221; row_border_radius=&#8221;none&#8221; row_border_radius_applies=&#8221;bg&#8221; enable_gradient=&#8221;true&#8221; color_overlay=&#8221;#000000&#8243; color_overlay_2=&#8221;rgba(0,0,0,0.09)&#8221; overlay_strength=&#8221;0.8&#8243; gradient_direction=&#8221;top_to_bottom&#8221; shape_divider_position=&#8221;bottom&#8221; shape_divider_height=&#8221;350&#8243; bg_image_animation=&#8221;zoom-out-slow&#8221; parallax_bg=&#8221;true&#8221; parallax_bg_speed=&#8221;medium&#8221; shape_type=&#8221;mountains&#8221;][vc_column column_padding=&#8221;no-extra-padding&#8221; column_padding_tablet=&#8221;inherit&#8221; column_padding_phone=&#8221;inherit&#8221; column_padding_position=&#8221;all&#8221; column_element_spacing=&#8221;default&#8221; background_color_opacity=&#8221;1&#8243; background_hover_color_opacity=&#8221;1&#8243; column_shadow=&#8221;none&#8221; column_border_radius=&#8221;none&#8221; column_link_target=&#8221;_self&#8221; gradient_direction=&#8221;left_to_right&#8221; overlay_strength=&#8221;0.3&#8243; width=&#8221;1\/1&#8243; tablet_width_inherit=&#8221;default&#8221; tablet_text_alignment=&#8221;default&#8221; phone_text_alignment=&#8221;default&#8221; bg_image_animation=&#8221;none&#8221; border_type=&#8221;simple&#8221; column_border_width=&#8221;none&#8221; column_border_style=&#8221;solid&#8221;][vc_row_inner column_margin=&#8221;default&#8221; column_direction=&#8221;default&#8221; column_direction_tablet=&#8221;default&#8221; column_direction_phone=&#8221;default&#8221; text_align=&#8221;left&#8221;][vc_column_inner column_padding=&#8221;no-extra-padding&#8221; column_padding_tablet=&#8221;inherit&#8221; column_padding_phone=&#8221;inherit&#8221; column_padding_position=&#8221;all&#8221; column_element_spacing=&#8221;default&#8221; centered_text=&#8221;true&#8221; background_color_opacity=&#8221;1&#8243; background_hover_color_opacity=&#8221;1&#8243; column_shadow=&#8221;none&#8221; column_border_radius=&#8221;none&#8221; column_link_target=&#8221;_self&#8221; gradient_direction=&#8221;left_to_right&#8221; overlay_strength=&#8221;0.3&#8243; width=&#8221;1\/1&#8243; tablet_width_inherit=&#8221;default&#8221; bg_image_animation=&#8221;none&#8221; border_type=&#8221;simple&#8221; column_border_width=&#8221;none&#8221; column_border_style=&#8221;solid&#8221;][split_line_heading animation_type=&#8221;line-reveal-by-space&#8221; font_style=&#8221;h2&#8243; text_color=&#8221;#ffffff&#8221; stagger_animation=&#8221;true&#8221; content_alignment=&#8221;default&#8221; mobile_content_alignment=&#8221;inherit&#8221; text_content=&#8221;POL\u00cdTICA DE C\u00c2MERAS DE SEGURAN\u00c7A&#8221;][\/split_line_heading][divider line_type=&#8221;Small Line&#8221; line_alignment=&#8221;center&#8221; line_thickness=&#8221;1&#8243; divider_color=&#8221;accent-color&#8221; animate=&#8221;yes&#8221; custom_height=&#8221;20&#8243; custom_line_width=&#8221;200&#8243;][\/vc_column_inner][\/vc_row_inner][\/vc_column][\/vc_row][vc_row type=&#8221;full_width_background&#8221; full_screen_row_position=&#8221;middle&#8221; column_margin=&#8221;default&#8221; equal_height=&#8221;yes&#8221; content_placement=&#8221;bottom&#8221; column_direction=&#8221;default&#8221; column_direction_tablet=&#8221;default&#8221; column_direction_phone=&#8221;default&#8221; bg_color=&#8221;#ffffff&#8221; scene_position=&#8221;center&#8221; top_padding=&#8221;4%&#8221; bottom_padding=&#8221;4%&#8221; text_color=&#8221;dark&#8221; text_align=&#8221;left&#8221; row_border_radius=&#8221;none&#8221; row_border_radius_applies=&#8221;bg&#8221; overlay_strength=&#8221;0.3&#8243; gradient_direction=&#8221;left_to_right&#8221; shape_divider_position=&#8221;bottom&#8221; shape_divider_height=&#8221;350&#8243; bg_image_animation=&#8221;fade-in&#8221; parallax_bg=&#8221;true&#8221; parallax_bg_speed=&#8221;fast&#8221; shape_type=&#8221;mountains&#8221;][vc_column column_padding=&#8221;no-extra-padding&#8221; column_padding_tablet=&#8221;inherit&#8221; column_padding_phone=&#8221;inherit&#8221; column_padding_position=&#8221;all&#8221; column_element_spacing=&#8221;default&#8221; background_color_opacity=&#8221;1&#8243; background_hover_color_opacity=&#8221;1&#8243; column_shadow=&#8221;none&#8221; column_border_radius=&#8221;none&#8221; column_link_target=&#8221;_self&#8221; gradient_direction=&#8221;left_to_right&#8221; overlay_strength=&#8221;0.3&#8243; width=&#8221;1\/1&#8243; tablet_width_inherit=&#8221;default&#8221; tablet_text_alignment=&#8221;default&#8221; phone_text_alignment=&#8221;default&#8221; bg_image_animation=&#8221;none&#8221; border_type=&#8221;simple&#8221; column_border_width=&#8221;none&#8221; column_border_style=&#8221;solid&#8221;][vc_column_text]O ASIANA disciplina nesta POL\u00cdTICA DE C\u00c2MERA DE SEGURAN\u00c7A o uso do dispositivo\u00a0\u201cC\u00e2mera\u201d em suas depend\u00eancias, bem como a forma que os dados e informa\u00e7\u00f5es como fotos, v\u00eddeos e \u00e1udio, ser\u00e3o coletados, tratados e armazenados para fins de seguran\u00e7a (\u201c<em>Dados da C\u00e2mera<\/em>\u201d).<\/p>\n<p>Esta\u00a0<strong>Pol\u00edtica de C\u00e2mera de Seguran\u00e7a\u00a0<\/strong>\u00e9 parte integrante da Pol\u00edtica de Privacidade da empresa e est\u00e1 sujeita a ela. Ao ingressar nas \u00e1reas internas da empresa (restaurante) o cliente, o parceiro ou o colaborador devem estar cientes das disposi\u00e7\u00f5es aqui presentes.<\/p>\n<p><strong>FINALIDADE DA C\u00c2MERA<\/strong><\/p>\n<p>A C\u00e2mera pretende, em conjunto com outras medidas de seguran\u00e7a, melhorar as condi\u00e7\u00f5es de seguran\u00e7a interna do estabelecimento e desenvolver os elementos para auxiliar em medidas preventivas.<\/p>\n<p><strong>FUNCIONAMENTO DA C\u00c2MERA<\/strong><\/p>\n<p>A C\u00e2mera \u00e9 um dispositivo instalado no interior da empresa, capaz de realizar a captura de \u00e1udio, imagem e v\u00eddeo durante a perman\u00eancia da pessoa na sede da empresa.<\/p>\n<p><strong>ESPECIFICA\u00c7\u00d5ES DE USO DA C\u00c2MERA<\/strong><\/p>\n<p>O cliente \u00e9 informado sobre a exist\u00eancia de C\u00e2mera de Seguran\u00e7a atrav\u00e9s de avisos no estabelecimento, podendo fazer a consulta das finalidades e dos dados pessoais coletados atrav\u00e9s do acesso ao QR CODE que se encontra acess\u00edvel atrav\u00e9s de um totem na entrada do restaurante.<\/p>\n<p>O cliente acessar\u00e1 essa Pol\u00edtica de C\u00e2mera de Seguran\u00e7a ao direcionar a c\u00e2mera do celular para o QRCODE ou poder\u00e1 solicitar o acesso ao documento f\u00edsico no caixa do restaurante. Caso o cliente n\u00e3o concorde com a capta\u00e7\u00e3o dever\u00e1 sair do local de monitoramento, contudo h\u00e1 leg\u00edtimo interesse do controlador com base na seguran\u00e7a do estabelecimento para o tratamento dos dados atrav\u00e9s dos aparelhos.<\/p>\n<p><strong>COLETA E TRATAMENTO DOS DADOS\u00a0<\/strong><\/p>\n<p><strong>a. Dados coletados<\/strong><\/p>\n<ul>\n<li>Fotos<\/li>\n<li>V\u00eddeos<\/li>\n<li>\u00c1udios<\/li>\n<\/ul>\n<p><strong>b. Uso e compartilhamento<\/strong><\/p>\n<p>Os dados ser\u00e3o coletados exclusivamente para finalidade de aprimorar os recursos de seguran\u00e7a empresa, com o objetivo de proteger colaboradores, clientes e quaisquer pessoais que circulem no Restaurante. Os Dados da C\u00e2mera n\u00e3o ser\u00e3o utilizados para prop\u00f3sitos n\u00e3o informados nesta Pol\u00edtica de C\u00e2mera de Seguran\u00e7a.<\/p>\n<p>Os Dados da C\u00e2mera n\u00e3o ser\u00e3o disponibilizados a Clientes, Parceiros e Colaboradores, exceto quando necess\u00e1rio ao cumprimento estrito de eventual obriga\u00e7\u00e3o legal ou ordem judicial emanada por autoridade competente, sujeito a procedimentos determinados em conformidade com a legisla\u00e7\u00e3o.<\/p>\n<p>Os Dados da C\u00e2mera n\u00e3o ser\u00e3o compartilhadas com terceiros, exceto nas hip\u00f3teses descritas abaixo:<\/p>\n<p>i) Para \u00f3rg\u00e3os, autoridades e demais entes do poder p\u00fablico, bem como a pessoas f\u00edsicas ou jur\u00eddicas de natureza privada, em cumprimento de obriga\u00e7\u00e3o legal ou de ordem judicial;<\/p>\n<p>ii) Para autoridade policial ou ao representante do Minist\u00e9rio P\u00fablico, independentemente da exist\u00eancia de obriga\u00e7\u00e3o legal espec\u00edfica ou ordem judicial, quando, excepcionalmente, houver suspeita fundada de crime com viol\u00eancia ou grave amea\u00e7a em circunst\u00e2ncia emergencial e envolvendo usu\u00e1rios do Aplicativo, ou necess\u00e1rio para proteger direitos, propriedades ou a seguran\u00e7a da 99, de seus usu\u00e1rios ou de terceiros.<\/p>\n<p>Al\u00e9m disso, em raz\u00e3o da infraestrutura tecnol\u00f3gica compartilhada pela empresa com as demais sociedades integrantes de seu grupo societ\u00e1rio, os Dados da C\u00e2mera poder\u00e3o ser compartilhados com tais sociedades para viabilizar o correto funcionamento da C\u00e2mera, bem como o tratamento dos Dados da C\u00e2mera nos termos desta Pol\u00edtica.<\/p>\n<p>Em todo caso, medidas apropriadas de seguran\u00e7a da informa\u00e7\u00e3o e governan\u00e7a de dados s\u00e3o aplicadas para proteger os Dados da C\u00e2mera contra acessos n\u00e3o autorizados e de situa\u00e7\u00f5es acidentais ou il\u00edcitas de destrui\u00e7\u00e3o, perda, altera\u00e7\u00e3o, comunica\u00e7\u00e3o ou qualquer forma de tratamento inadequado ou il\u00edcito de tais dados.<\/p>\n<p><strong>c. Bases para o tratamento<\/strong><\/p>\n<p>O tratamento de dados a que se refere esta pol\u00edtica \u00e9 autorizado para finalidades de identifica\u00e7\u00e3o e prote\u00e7\u00e3o do das pessoas que circulam no restaurante e suas depend\u00eancias, bem como para a preven\u00e7\u00e3o e combate ao cometimento de fraudes, incidentes de seguran\u00e7a e outros atos il\u00edcitos.<\/p>\n<p><strong>EXCLUS\u00c3O E RETEN\u00c7\u00c3O DOS DADOS PESSOAIS<\/strong><\/p>\n<p>As suas informa\u00e7\u00f5es ser\u00e3o tratadas na forma prevista nesta Pol\u00edtica de C\u00e2mera de Seguran\u00e7a at\u00e9 que a respectiva finalidade seja alcan\u00e7ada, caso deixem de ser necess\u00e1rios ou pertinentes ao alcance da finalidade espec\u00edfica almejada. Os dados poder\u00e3o ser armazenados pela empresa para fins de seguran\u00e7a, para cumprimento de obriga\u00e7\u00f5es legais ou regulat\u00f3rias ou para exerc\u00edcio regular de direitos em processo administrativo, judicial ou arbitral.<\/p>\n<p><strong>DIREITOS SOBRE SEUS DADOS PESSOAIS\u00a0<\/strong><\/p>\n<p>A legisla\u00e7\u00e3o brasileira garante aos titulares de dados pessoais uma s\u00e9rie de direitos . Para entender quais s\u00e3o estes direitos e como exerc\u00ea-los, acesse a nossa Pol\u00edtica de Privacidade, dispon\u00edvel neste link: <a href=\"https:\/\/www.restauranteasiana.com.br\/site\/politica-de-privacidade\/\">https:\/\/www.restauranteasiana.com.br\/site\/politica-de-privacidade\/<\/a><\/p>\n<p>Em caso de d\u00favidas e sugest\u00f5es, entre em contato com nossos canais de comunica\u00e7\u00e3o ao usu\u00e1rio: <a href=\"mailto:contato@restauranteasiana.com.br\">contato@restauranteasiana.com.br<\/a> ou <a href=\"mailto:iris@rwgp.com.br\">iris@rwgp.com.br<\/a>.<\/p>\n<p>Porto Alegre, 22 de outubro de 2025.[\/vc_column_text][\/vc_column][\/vc_row]\n","protected":false},"excerpt":{"rendered":"<p>[vc_row type=&#8221;full_width_background&#8221; full_screen_row_position=&#8221;middle&#8221; column_margin=&#8221;default&#8221; equal_height=&#8221;yes&#8221; content_placement=&#8221;bottom&#8221; column_direction=&#8221;default&#8221; column_direction_tablet=&#8221;default&#8221; column_direction_phone=&#8221;default&#8221; bg_color=&#8221;#000000&#8243; bg_image=&#8221;1057&#8243; bg_position=&#8221;center center&#8221; background_image_loading=&#8221;default&#8221; bg_repeat=&#8221;no-repeat&#8221;&#8230;<\/p>\n","protected":false},"author":1,"featured_media":0,"parent":0,"menu_order":3,"comment_status":"closed","ping_status":"closed","template":"","meta":{"footnotes":""},"_links":{"self":[{"href":"https:\/\/www.restauranteasiana.com.br\/site\/wp-json\/wp\/v2\/pages\/1049"}],"collection":[{"href":"https:\/\/www.restauranteasiana.com.br\/site\/wp-json\/wp\/v2\/pages"}],"about":[{"href":"https:\/\/www.restauranteasiana.com.br\/site\/wp-json\/wp\/v2\/types\/page"}],"author":[{"embeddable":true,"href":"https:\/\/www.restauranteasiana.com.br\/site\/wp-json\/wp\/v2\/users\/1"}],"replies":[{"embeddable":true,"href":"https:\/\/www.restauranteasiana.com.br\/site\/wp-json\/wp\/v2\/comments?post=1049"}],"version-history":[{"count":8,"href":"https:\/\/www.restauranteasiana.com.br\/site\/wp-json\/wp\/v2\/pages\/1049\/revisions"}],"predecessor-version":[{"id":1161,"href":"https:\/\/www.restauranteasiana.com.br\/site\/wp-json\/wp\/v2\/pages\/1049\/revisions\/1161"}],"wp:attachment":[{"href":"https:\/\/www.restauranteasiana.com.br\/site\/wp-json\/wp\/v2\/media?parent=1049"}],"curies":[{"name":"wp","href":"https:\/\/api.w.org\/{rel}","templated":true}]}}