{"id":1060,"date":"2022-01-12T10:06:32","date_gmt":"2022-01-12T13:06:32","guid":{"rendered":"https:\/\/www.restauranteasiana.com.br\/site\/?page_id=1060"},"modified":"2025-10-22T10:52:40","modified_gmt":"2025-10-22T13:52:40","slug":"politica-de-cookies","status":"publish","type":"page","link":"https:\/\/www.restauranteasiana.com.br\/site\/politica-de-cookies\/","title":{"rendered":"Pol\u00edtica de Cookies"},"content":{"rendered":"[vc_row type=&#8221;full_width_background&#8221; full_screen_row_position=&#8221;middle&#8221; column_margin=&#8221;default&#8221; equal_height=&#8221;yes&#8221; content_placement=&#8221;bottom&#8221; column_direction=&#8221;default&#8221; column_direction_tablet=&#8221;default&#8221; column_direction_phone=&#8221;default&#8221; bg_color=&#8221;#000000&#8243; bg_image=&#8221;1063&#8243; bg_position=&#8221;center center&#8221; background_image_loading=&#8221;default&#8221; bg_repeat=&#8221;no-repeat&#8221; scene_position=&#8221;center&#8221; top_padding=&#8221;16%&#8221; bottom_padding=&#8221;12%&#8221; text_color=&#8221;light&#8221; text_align=&#8221;left&#8221; row_border_radius=&#8221;none&#8221; row_border_radius_applies=&#8221;bg&#8221; enable_gradient=&#8221;true&#8221; color_overlay=&#8221;#000000&#8243; color_overlay_2=&#8221;rgba(0,0,0,0.09)&#8221; overlay_strength=&#8221;0.8&#8243; gradient_direction=&#8221;top_to_bottom&#8221; shape_divider_position=&#8221;bottom&#8221; shape_divider_height=&#8221;350&#8243; bg_image_animation=&#8221;zoom-out-slow&#8221; parallax_bg=&#8221;true&#8221; parallax_bg_speed=&#8221;medium&#8221; shape_type=&#8221;mountains&#8221;][vc_column column_padding=&#8221;no-extra-padding&#8221; column_padding_tablet=&#8221;inherit&#8221; column_padding_phone=&#8221;inherit&#8221; column_padding_position=&#8221;all&#8221; column_element_spacing=&#8221;default&#8221; background_color_opacity=&#8221;1&#8243; background_hover_color_opacity=&#8221;1&#8243; column_shadow=&#8221;none&#8221; column_border_radius=&#8221;none&#8221; column_link_target=&#8221;_self&#8221; gradient_direction=&#8221;left_to_right&#8221; overlay_strength=&#8221;0.3&#8243; width=&#8221;1\/1&#8243; tablet_width_inherit=&#8221;default&#8221; tablet_text_alignment=&#8221;default&#8221; phone_text_alignment=&#8221;default&#8221; bg_image_animation=&#8221;none&#8221; border_type=&#8221;simple&#8221; column_border_width=&#8221;none&#8221; column_border_style=&#8221;solid&#8221;][vc_row_inner column_margin=&#8221;default&#8221; column_direction=&#8221;default&#8221; column_direction_tablet=&#8221;default&#8221; column_direction_phone=&#8221;default&#8221; text_align=&#8221;left&#8221;][vc_column_inner column_padding=&#8221;no-extra-padding&#8221; column_padding_tablet=&#8221;inherit&#8221; column_padding_phone=&#8221;inherit&#8221; column_padding_position=&#8221;all&#8221; column_element_spacing=&#8221;default&#8221; centered_text=&#8221;true&#8221; background_color_opacity=&#8221;1&#8243; background_hover_color_opacity=&#8221;1&#8243; column_shadow=&#8221;none&#8221; column_border_radius=&#8221;none&#8221; column_link_target=&#8221;_self&#8221; gradient_direction=&#8221;left_to_right&#8221; overlay_strength=&#8221;0.3&#8243; width=&#8221;1\/1&#8243; tablet_width_inherit=&#8221;default&#8221; bg_image_animation=&#8221;none&#8221; border_type=&#8221;simple&#8221; column_border_width=&#8221;none&#8221; column_border_style=&#8221;solid&#8221;][split_line_heading animation_type=&#8221;line-reveal-by-space&#8221; font_style=&#8221;h2&#8243; text_color=&#8221;#ffffff&#8221; stagger_animation=&#8221;true&#8221; content_alignment=&#8221;default&#8221; mobile_content_alignment=&#8221;inherit&#8221; text_content=&#8221;POL\u00cdTICA DE COOKIES&#8221;][\/split_line_heading][divider line_type=&#8221;Small Line&#8221; line_alignment=&#8221;center&#8221; line_thickness=&#8221;1&#8243; divider_color=&#8221;accent-color&#8221; animate=&#8221;yes&#8221; custom_height=&#8221;20&#8243; custom_line_width=&#8221;200&#8243;][\/vc_column_inner][\/vc_row_inner][\/vc_column][\/vc_row][vc_row type=&#8221;full_width_background&#8221; full_screen_row_position=&#8221;middle&#8221; column_margin=&#8221;default&#8221; equal_height=&#8221;yes&#8221; content_placement=&#8221;bottom&#8221; column_direction=&#8221;default&#8221; column_direction_tablet=&#8221;default&#8221; column_direction_phone=&#8221;default&#8221; bg_color=&#8221;#ffffff&#8221; scene_position=&#8221;center&#8221; top_padding=&#8221;4%&#8221; bottom_padding=&#8221;4%&#8221; text_color=&#8221;dark&#8221; text_align=&#8221;left&#8221; row_border_radius=&#8221;none&#8221; row_border_radius_applies=&#8221;bg&#8221; overlay_strength=&#8221;0.3&#8243; gradient_direction=&#8221;left_to_right&#8221; shape_divider_position=&#8221;bottom&#8221; shape_divider_height=&#8221;350&#8243; bg_image_animation=&#8221;fade-in&#8221; parallax_bg=&#8221;true&#8221; parallax_bg_speed=&#8221;fast&#8221; shape_type=&#8221;mountains&#8221;][vc_column column_padding=&#8221;no-extra-padding&#8221; column_padding_tablet=&#8221;inherit&#8221; column_padding_phone=&#8221;inherit&#8221; column_padding_position=&#8221;all&#8221; column_element_spacing=&#8221;default&#8221; background_color_opacity=&#8221;1&#8243; background_hover_color_opacity=&#8221;1&#8243; column_shadow=&#8221;none&#8221; column_border_radius=&#8221;none&#8221; column_link_target=&#8221;_self&#8221; gradient_direction=&#8221;left_to_right&#8221; overlay_strength=&#8221;0.3&#8243; width=&#8221;1\/1&#8243; tablet_width_inherit=&#8221;default&#8221; tablet_text_alignment=&#8221;default&#8221; phone_text_alignment=&#8221;default&#8221; bg_image_animation=&#8221;none&#8221; border_type=&#8221;simple&#8221; column_border_width=&#8221;none&#8221; column_border_style=&#8221;solid&#8221;][vc_column_text]N\u00f3s, do ASIANA temos o compromisso de proporcionar uma experi\u00eancia cada vez melhor aos nossos clientes (\u201cUsu\u00e1rios\u201d). Para exercer este compromisso, utilizamos Cookies e tecnologias similares para customizar a sua experi\u00eancia no site, bem como para gerar informa\u00e7\u00f5es relevantes sobre o uso dos nossos servi\u00e7os por parte dos Usu\u00e1rios.<\/p>\n<p><b>O QUE S\u00c3O COOKIES?<\/b><\/p>\n<p>Cookies s\u00e3o pequenos arquivos de texto armazenados em seu navegador ou dispositivo m\u00f3vel que permitem o reconhecimento e a lembran\u00e7a das suas prefer\u00eancias de navega\u00e7\u00e3o.<\/p>\n<p>Eles podem ser \u00fateis para, por exemplo, adequar o tamanho do site \u00e0 sua tela, entender melhor as suas prefer\u00eancias e oferecer um servi\u00e7o mais eficiente.<\/p>\n<p>Os cookies geralmente tamb\u00e9m t\u00eam uma data de expira\u00e7\u00e3o. Por exemplo, alguns cookies s\u00e3o exclu\u00eddos automaticamente quando voc\u00ea fecha o navegador (os chamados cookies de sess\u00e3o), enquanto outros podem ser armazenados por mais tempo no computador at\u00e9 serem exclu\u00eddos manualmente (os chamados cookies persistentes).<\/p>\n<p><b>POR QUE\u00a0 UTILIZAMOS COOKIES?<\/b><\/p>\n<p><strong>Autentica\u00e7\u00e3o: <\/strong>Usamos cookies e tecnologias semelhantes para reconhecer voc\u00ea, quando voc\u00ea acessa nossos produtos e servi\u00e7os. Essas tecnologias nos ajudam a exibir as informa\u00e7\u00f5es corretas e a personalizar sua experi\u00eancia de acordo com as suas configura\u00e7\u00f5es, facilitando o seu acesso e a sua experi\u00eancia na navega\u00e7\u00e3o.<\/p>\n<p><strong>Por exemplo: <\/strong>Os cookies nos ajudam a lembrar o seu navegador e dispositivo que acessa nosso site, para que ele se adapte ao formato ou tamanho de tela de seu dispositivo.<\/p>\n<p><strong>Prefer\u00eancias e funcionalidades<\/strong>: Utilizamos cookies para maximizar a personaliza\u00e7\u00e3o da sua experi\u00eancia de navega\u00e7\u00e3o e para permitir a ampla funcionalidade dos nossos produtos e servi\u00e7os, armazenando algumas de suas prefer\u00eancias.<\/p>\n<p><strong>Por exemplo: <\/strong>utilizamos cookies para ajudar voc\u00ea a preencher determinados formul\u00e1rios de cadastro com mais facilidade. Tamb\u00e9m usamos essas tecnologias para lembrar informa\u00e7\u00f5es sobre seu navegador e suas prefer\u00eancias de idioma e de comunica\u00e7\u00e3o.<\/p>\n<p>Medi\u00e7\u00e3o de desempenho do site e an\u00e1lises. Utilizamos cookies para entender como os nossos produtos e servi\u00e7os est\u00e3o sendo utilizados e, consequentemente, melhorar a sua experi\u00eancia como usu\u00e1rio.<\/p>\n<p>Por exemplo: utilizamos cookies que realizam a coleta autom\u00e1tica de determinados dados sobre a sua intera\u00e7\u00e3o com os elementos do nosso site para identificar quantas vezes determinada p\u00e1gina foi visitada ou quantas pessoas acessaram essa p\u00e1gina. Esses cookies nos ajudam a compreender melhor nosso p\u00fablico, melhorando toda sua experi\u00eancia como usu\u00e1rio.<\/p>\n<p>De qualquer forma, voc\u00ea sempre pode recusar a instala\u00e7\u00e3o dos cookies descritos nesta Pol\u00edtica no seu dispositivo e\/ou optar pela remo\u00e7\u00e3o destes cookies a qualquer momento, conforme as informa\u00e7\u00f5es do item \u201cComo posso remover ou bloquear os cookies\u201d abaixo.<\/p>\n<p>Importante esclarecer que o ASIANA n\u00e3o se responsabiliza pelo uso de cookies de plataformas de terceiros. Fique atento, pois os cookies instalados em decorr\u00eancia da sua intera\u00e7\u00e3o com plataformas de terceiros podem eventualmente continuar a monitorar as suas atividades online mesmo depois da sua intera\u00e7\u00e3o com as plataformas, sendo recomend\u00e1vel que voc\u00ea limpe seu hist\u00f3rico de navega\u00e7\u00e3o regularmente para se certificar de que seu dispositivo utiliza apenas as tecnologias do seu interesse.<\/p>\n<p>Eventualmente poderemos fornecer seus cookies aos prestadores de servi\u00e7os para que eles possam direcionar nossas publicidades em outros websites e aplicativos, tais como: Facebook e Google Analytics.<\/p>\n<p><b>QUAIS COOKIES S\u00c3O UTILIZADOS?<\/b><\/p>\n<p>Cookies necess\u00e1rios: S\u00e3o os cookies que precisamos coletar para que nossas plataformas possam funcionar corretamente, eles s\u00e3o obrigat\u00f3rios e n\u00e3o podem ser desativados.<\/p>\n<p>Cookies de an\u00e1lise: S\u00e3o utilizados para melhorar o conte\u00fado das nossas plataformas, sua experi\u00eancia e presta\u00e7\u00e3o dos nossos servi\u00e7os.<\/p>\n<p>Cookies de funcionalidade: S\u00e3o utilizados para reconhecer as suas prefer\u00eancias e customizar seu acesso \u00e0s plataformas.<\/p>\n<p>Cookies de publicidade: S\u00e3o utilizados para fornecer publicidades do seu interesse e por um per\u00edodo limitado de vezes.<\/p>\n<p><b>COMO ELIMINAR OS COOKIES?<\/b><\/p>\n<p>Voc\u00ea poder\u00e1 bloquear ou deletar os cookies se as configura\u00e7\u00f5es de seu navegador ou dispositivo permitir.<\/p>\n<p>Se voc\u00ea quiser saber quais cookies est\u00e3o instalados no seu dispositivo, ou se deseja exclu\u00ed-los ou restringi-los, voc\u00ea pode utilizar as configura\u00e7\u00f5es do seu navegador para isso. Voc\u00ea encontrar\u00e1 mais explica\u00e7\u00f5es sobre como proceder clicando nos links abaixo. Para encontrar informa\u00e7\u00f5es relacionadas a outros navegadores, visite o site do desenvolvedor do navegador.<\/p>\n<p><strong>Firefox: <a href=\"https:\/\/support.mozilla.org\/pt-BR\/kb\/limpe-cookies-e-dados-de-sites-no-firefox\">https:\/\/support.mozilla.org\/pt-BR\/kb\/limpe-cookies-e-dados-de-sites-no-firefox<\/a><\/strong><br \/>\n<strong>Chrome: <a href=\"https:\/\/support.google.com\/chrome\/answer\/95647?co=GENIE.Platform%3DDesktop&amp;hl=pt-BR\">https:\/\/support.google.com\/chrome\/answer\/95647?co=GENIE.Platform=Desktop&amp;hl=pt-BR<\/a><\/strong><br \/>\n<strong>Safari: <a href=\"https:\/\/support.apple.com\/pt-br\/guide\/safari\/sfri11471\/mac\">https:\/\/support.apple.com\/pt-br\/guide\/safari\/sfri11471\/mac<\/a><\/strong><br \/>\n<strong>Internet Explorer: <a href=\"https:\/\/support.microsoft.com\/pt-br\/help\/278835\/how-to-delete-cookie-files-in-internet-explorer\">https:\/\/support.microsoft.com\/pt-br\/help\/278835\/how-to-delete-cookie-files-in-internet-explo<\/a> <a href=\"https:\/\/support.microsoft.com\/pt-br\/help\/278835\/how-to-delete-cookie-files-in-internet-explorer\">rer<\/a><\/strong><\/p>\n<p>Lembre-se que o uso de cookies nos permite oferecer uma melhor experi\u00eancia em nossos produtos e servi\u00e7os.<br \/>\nContudo, se voc\u00ea recusar ou bloquear os cookies ou tecnologias similares algumas fun\u00e7\u00f5es das plataformas do ASIANA poder\u00e3o n\u00e3o funcionar perfeitamente.<\/p>\n<p><b>COM QUEM FALAR SOBRE SEUS DADOS PESSOAIS? <\/b><\/p>\n<p>Se voc\u00ea acredita que seus dados pessoais foram tratados de maneira incompat\u00edvel com esta Pol\u00edtica ou com as suas escolhas enquanto titular dos seus dados pessoais, ou, ainda, se voc\u00ea tiver d\u00favidas, coment\u00e1rios ou sugest\u00f5es relacionadas a esta Pol\u00edtica e \u00e0 forma como tratamos seus dados pessoais, entre em contato conosco. N\u00f3s temos um Encarregado que est\u00e1 \u00e0 disposi\u00e7\u00e3o pelo contato abaixo:<\/p>\n<p><b>Encarregado: <\/b>Iris Saraiva Russowsky<\/p>\n<p><b>E-mail: <\/b><a href=\"mailto:contato@restauranteasiana.com.br\">contato@restauranteasiana.com.br<\/a> ou <a href=\"mailto:iris@rwgp.com.br\">iris@rwgp.com.br<\/a><\/p>\n<p><span style=\"font-weight: 400;\"><strong>\u00daltima atualiza\u00e7\u00e3o:<\/strong> 17 de outubro de 2025. <\/span>[\/vc_column_text][\/vc_column][\/vc_row]\n","protected":false},"excerpt":{"rendered":"<p>[vc_row type=&#8221;full_width_background&#8221; full_screen_row_position=&#8221;middle&#8221; column_margin=&#8221;default&#8221; equal_height=&#8221;yes&#8221; content_placement=&#8221;bottom&#8221; column_direction=&#8221;default&#8221; column_direction_tablet=&#8221;default&#8221; column_direction_phone=&#8221;default&#8221; bg_color=&#8221;#000000&#8243; bg_image=&#8221;1063&#8243; bg_position=&#8221;center center&#8221; background_image_loading=&#8221;default&#8221; bg_repeat=&#8221;no-repeat&#8221;&#8230;<\/p>\n","protected":false},"author":1,"featured_media":0,"parent":0,"menu_order":4,"comment_status":"closed","ping_status":"closed","template":"","meta":{"footnotes":""},"_links":{"self":[{"href":"https:\/\/www.restauranteasiana.com.br\/site\/wp-json\/wp\/v2\/pages\/1060"}],"collection":[{"href":"https:\/\/www.restauranteasiana.com.br\/site\/wp-json\/wp\/v2\/pages"}],"about":[{"href":"https:\/\/www.restauranteasiana.com.br\/site\/wp-json\/wp\/v2\/types\/page"}],"author":[{"embeddable":true,"href":"https:\/\/www.restauranteasiana.com.br\/site\/wp-json\/wp\/v2\/users\/1"}],"replies":[{"embeddable":true,"href":"https:\/\/www.restauranteasiana.com.br\/site\/wp-json\/wp\/v2\/comments?post=1060"}],"version-history":[{"count":7,"href":"https:\/\/www.restauranteasiana.com.br\/site\/wp-json\/wp\/v2\/pages\/1060\/revisions"}],"predecessor-version":[{"id":1167,"href":"https:\/\/www.restauranteasiana.com.br\/site\/wp-json\/wp\/v2\/pages\/1060\/revisions\/1167"}],"wp:attachment":[{"href":"https:\/\/www.restauranteasiana.com.br\/site\/wp-json\/wp\/v2\/media?parent=1060"}],"curies":[{"name":"wp","href":"https:\/\/api.w.org\/{rel}","templated":true}]}}