{"id":1152,"date":"2025-10-22T09:38:32","date_gmt":"2025-10-22T12:38:32","guid":{"rendered":"https:\/\/www.restauranteasiana.com.br\/site\/?page_id=1152"},"modified":"2025-10-22T10:39:01","modified_gmt":"2025-10-22T13:39:01","slug":"politica-de-privacidade","status":"publish","type":"page","link":"https:\/\/www.restauranteasiana.com.br\/site\/politica-de-privacidade\/","title":{"rendered":"Pol\u00edtica de Privacidade"},"content":{"rendered":"[vc_row type=&#8221;full_width_background&#8221; full_screen_row_position=&#8221;middle&#8221; column_margin=&#8221;default&#8221; equal_height=&#8221;yes&#8221; content_placement=&#8221;bottom&#8221; column_direction=&#8221;default&#8221; column_direction_tablet=&#8221;default&#8221; column_direction_phone=&#8221;default&#8221; bg_color=&#8221;#000000&#8243; bg_image=&#8221;1063&#8243; bg_position=&#8221;center center&#8221; background_image_loading=&#8221;default&#8221; bg_repeat=&#8221;no-repeat&#8221; scene_position=&#8221;center&#8221; top_padding=&#8221;16%&#8221; bottom_padding=&#8221;12%&#8221; text_color=&#8221;light&#8221; text_align=&#8221;left&#8221; row_border_radius=&#8221;none&#8221; row_border_radius_applies=&#8221;bg&#8221; enable_gradient=&#8221;true&#8221; color_overlay=&#8221;#000000&#8243; color_overlay_2=&#8221;rgba(0,0,0,0.09)&#8221; overlay_strength=&#8221;0.8&#8243; gradient_direction=&#8221;top_to_bottom&#8221; shape_divider_position=&#8221;bottom&#8221; shape_divider_height=&#8221;350&#8243; bg_image_animation=&#8221;zoom-out-slow&#8221; parallax_bg=&#8221;true&#8221; parallax_bg_speed=&#8221;medium&#8221; shape_type=&#8221;mountains&#8221;][vc_column column_padding=&#8221;no-extra-padding&#8221; column_padding_tablet=&#8221;inherit&#8221; column_padding_phone=&#8221;inherit&#8221; column_padding_position=&#8221;all&#8221; column_element_spacing=&#8221;default&#8221; background_color_opacity=&#8221;1&#8243; background_hover_color_opacity=&#8221;1&#8243; column_shadow=&#8221;none&#8221; column_border_radius=&#8221;none&#8221; column_link_target=&#8221;_self&#8221; gradient_direction=&#8221;left_to_right&#8221; overlay_strength=&#8221;0.3&#8243; width=&#8221;1\/1&#8243; tablet_width_inherit=&#8221;default&#8221; tablet_text_alignment=&#8221;default&#8221; phone_text_alignment=&#8221;default&#8221; bg_image_animation=&#8221;none&#8221; border_type=&#8221;simple&#8221; column_border_width=&#8221;none&#8221; column_border_style=&#8221;solid&#8221;][vc_row_inner column_margin=&#8221;default&#8221; column_direction=&#8221;default&#8221; column_direction_tablet=&#8221;default&#8221; column_direction_phone=&#8221;default&#8221; text_align=&#8221;left&#8221;][vc_column_inner column_padding=&#8221;no-extra-padding&#8221; column_padding_tablet=&#8221;inherit&#8221; column_padding_phone=&#8221;inherit&#8221; column_padding_position=&#8221;all&#8221; column_element_spacing=&#8221;default&#8221; centered_text=&#8221;true&#8221; background_color_opacity=&#8221;1&#8243; background_hover_color_opacity=&#8221;1&#8243; column_shadow=&#8221;none&#8221; column_border_radius=&#8221;none&#8221; column_link_target=&#8221;_self&#8221; gradient_direction=&#8221;left_to_right&#8221; overlay_strength=&#8221;0.3&#8243; width=&#8221;1\/1&#8243; tablet_width_inherit=&#8221;default&#8221; bg_image_animation=&#8221;none&#8221; border_type=&#8221;simple&#8221; column_border_width=&#8221;none&#8221; column_border_style=&#8221;solid&#8221;][split_line_heading animation_type=&#8221;line-reveal-by-space&#8221; font_style=&#8221;h2&#8243; text_color=&#8221;#ffffff&#8221; stagger_animation=&#8221;true&#8221; content_alignment=&#8221;default&#8221; mobile_content_alignment=&#8221;inherit&#8221; text_content=&#8221;POL\u00cdTICA DE PRIVACIDADE&#8221;][\/split_line_heading][divider line_type=&#8221;Small Line&#8221; line_alignment=&#8221;center&#8221; line_thickness=&#8221;1&#8243; divider_color=&#8221;accent-color&#8221; animate=&#8221;yes&#8221; custom_height=&#8221;20&#8243; custom_line_width=&#8221;200&#8243;][\/vc_column_inner][\/vc_row_inner][\/vc_column][\/vc_row][vc_row type=&#8221;full_width_background&#8221; full_screen_row_position=&#8221;middle&#8221; column_margin=&#8221;default&#8221; equal_height=&#8221;yes&#8221; content_placement=&#8221;bottom&#8221; column_direction=&#8221;default&#8221; column_direction_tablet=&#8221;default&#8221; column_direction_phone=&#8221;default&#8221; bg_color=&#8221;#ffffff&#8221; scene_position=&#8221;center&#8221; top_padding=&#8221;4%&#8221; bottom_padding=&#8221;4%&#8221; text_color=&#8221;dark&#8221; text_align=&#8221;left&#8221; row_border_radius=&#8221;none&#8221; row_border_radius_applies=&#8221;bg&#8221; overlay_strength=&#8221;0.3&#8243; gradient_direction=&#8221;left_to_right&#8221; shape_divider_position=&#8221;bottom&#8221; shape_divider_height=&#8221;350&#8243; bg_image_animation=&#8221;fade-in&#8221; parallax_bg=&#8221;true&#8221; parallax_bg_speed=&#8221;fast&#8221; shape_type=&#8221;mountains&#8221;][vc_column column_padding=&#8221;no-extra-padding&#8221; column_padding_tablet=&#8221;inherit&#8221; column_padding_phone=&#8221;inherit&#8221; column_padding_position=&#8221;all&#8221; column_element_spacing=&#8221;default&#8221; background_color_opacity=&#8221;1&#8243; background_hover_color_opacity=&#8221;1&#8243; column_shadow=&#8221;none&#8221; column_border_radius=&#8221;none&#8221; column_link_target=&#8221;_self&#8221; gradient_direction=&#8221;left_to_right&#8221; overlay_strength=&#8221;0.3&#8243; width=&#8221;1\/1&#8243; tablet_width_inherit=&#8221;default&#8221; tablet_text_alignment=&#8221;default&#8221; phone_text_alignment=&#8221;default&#8221; bg_image_animation=&#8221;none&#8221; border_type=&#8221;simple&#8221; column_border_width=&#8221;none&#8221; column_border_style=&#8221;solid&#8221;][vc_column_text]A prote\u00e7\u00e3o de suas informa\u00e7\u00f5es \u00e9 nossa prioridade. N\u00f3s, do ASIANA, levamos a sua privacidade e a prote\u00e7\u00e3o dos seus dados a s\u00e9rio e buscamos o cumprimento da Lei Geral de Prote\u00e7\u00e3o de Dados Pessoais (lei 13.709\/18).<\/p>\n<p>Foi pensando nisso que elaboramos este aviso de privacidade, com o objetivo de explicar para voc\u00ea o porqu\u00ea de tratarmos seus dados pessoais.<\/p>\n<p><strong>COMO COLETAMOS INFORMA\u00c7\u00d5ES SOBRE VOC\u00ca? <\/strong><\/p>\n<p>Existem duas formas poss\u00edveis:<\/p>\n<ul>\n<li><strong>Quando voc\u00ea nos fornece: <\/strong>Todas as vezes que voc\u00ea nos informa um dado pessoal por meio do nosso site ou atrav\u00e9s de nossa loja\/estabelecimento f\u00edsico. Em nosso site n\u00e3o h\u00e1 formul\u00e1rios de preenchimento de dados pessoais, contudo, para fins de reserva h\u00e1 o redirecionamento para o WhatsApp e, no momento que h\u00e1 o in\u00edcio de conversa, seu nome e seu telefone poder\u00e3o ser coletados por n\u00f3s.<\/li>\n<li><strong>Quando o fazemos de forma autom\u00e1tica:<\/strong> Quando voc\u00ea acessar a p\u00e1gina oficial de nossa marca, algumas informa\u00e7\u00f5es ser\u00e3o coletadas automaticamente, incluindo: caracter\u00edsticas do dispositivo utilizado para o acesso, navegador utilizado para o acesso, origem do IP (com data e hora), informa\u00e7\u00f5es sobre a sua intera\u00e7\u00e3o em nossa p\u00e1gina. Geralmente estas informa\u00e7\u00f5es ser\u00e3o coletadas por meio de cookies.<\/li>\n<\/ul>\n<p><strong>Com qual objetivo tratamos os seus dados pessoais? <\/strong><\/p>\n<p>Dados pessoais s\u00e3o tratados pelo Asiana para objetivos previamente definidos e abaixo delimitados:<\/p>\n<ul>\n<li>Quando o Asiana tiver que cumprir com obriga\u00e7\u00f5es legais ou regulat\u00f3rias ou caso seja destinat\u00e1ria de uma ordem judicial;<\/li>\n<li>Para que o Asiana possa oferecer os seus servi\u00e7os a voc\u00ea, ou para o envio de comunica\u00e7\u00f5es de marketing ou participa\u00e7\u00e3o de campanhas;<\/li>\n<li>Para atividades que sejam de interesse do Asiana, desde que voc\u00ea tenha a devida expectativa da ocorr\u00eancia desta atividade, sempre respeitando todos os seus direitos.<\/li>\n<li>Quando objetivamente autorizado por voc\u00ea, no formato da coleta de um consentimento.<\/li>\n<\/ul>\n<p>Poderemos utilizar informa\u00e7\u00f5es coletadas de voc\u00ea, inclusive de dispositivos utilizados por voc\u00ea com o intuito de:<\/p>\n<ul>\n<li>Comunicar a respeito de sua conta ou reservas realizadas conosco bem como enviar informa\u00e7\u00f5es, requisitar feedback sobre nossos servi\u00e7os, recursos de nosso site e, eventualmente, informar mudan\u00e7as em nossas pol\u00edticas.<\/li>\n<li>Fornecer publicidade baseada em sua atividade em nosso site.<\/li>\n<li>Operar, entender, otimizar, desenvolver ou melhorar nosso site, produtos, servi\u00e7os e opera\u00e7\u00f5es, inclusive utilizando pesquisas com usu\u00e1rio.<\/li>\n<\/ul>\n<p><strong>COM QUEM COMPARTILHAMOS OS SEUS DADOS PESSOAIS?<\/strong><\/p>\n<p>Compartilhar os seus dados pessoais, \u00e0s vezes, ser\u00e1 necess\u00e1rio. Abaixo apresentamos a raz\u00e3o e a natureza do terceiro envolvido:<\/p>\n<ul>\n<li>Com empresas parceiras e fornecedores, no desenvolvimento e presta\u00e7\u00e3o de servi\u00e7os ou oferta de produtos voltados a voc\u00ea, desde que devidamente aprovadas pelos r\u00edgidos padr\u00f5es de seguran\u00e7a do Asiana.<\/li>\n<li>Com autoridades, entidades governamentais ou outros terceiros, para a prote\u00e7\u00e3o dos interesses do Asiana, em qualquer tipo de conflito, incluindo a\u00e7\u00f5es judiciais e processos administrativos;<\/li>\n<li>No caso de transa\u00e7\u00f5es e altera\u00e7\u00f5es societ\u00e1rias envolvendo o Asiana; ou<\/li>\n<li>Mediante ordem judicial ou pelo requerimento de autoridades administrativas que detenham compet\u00eancia legal para esta requisi\u00e7\u00e3o.<\/li>\n<\/ul>\n<p><strong>COMO O ASIANA MANT\u00c9M OS SEUS DADOS PESSOAIS SEGUROS? <\/strong><\/p>\n<p>Qualquer dado pessoal coletado ser\u00e1 armazenado dentro de r\u00edgidos padr\u00f5es de seguran\u00e7a. <strong>Nossa responsabilidade \u00e9 cuidar dos seus Dados Pessoais e utiliz\u00e1-los somente para as finalidades descritas <\/strong><strong>nesta Pol\u00edtica. <\/strong>Para garantir a sua privacidade e a prote\u00e7\u00e3o dos seus Dados Pessoais, adotamos recursos tecnol\u00f3gicos avan\u00e7ados para garantir a seguran\u00e7a de todos os dados tratados pela Empresa.<\/p>\n<p><strong>N\u00f3s nos esfor\u00e7amos para proteger a privacidade de seus Dados Pessoais, mas infelizmente n\u00e3o podemos garantir total seguran\u00e7a.<\/strong><\/p>\n<p>Entradas e usos n\u00e3o autorizados de terceiros com informa\u00e7\u00f5es suas, falhas de hardware ou software que n\u00e3o estejam sob controle da Empresa e outros fatores externos podem comprometer a seguran\u00e7a dos seus Dados Pessoais. Por isso, sua atua\u00e7\u00e3o \u00e9 fundamental para a manuten\u00e7\u00e3o de um ambiente seguro para todos. Caso voc\u00ea identifique ou tome conhecimento de qualquer fator que comprometa a seguran\u00e7a dos seus dados na sua rela\u00e7\u00e3o com a Empresa, por favor entre em contato conosco por meio das informa\u00e7\u00f5es de contato indicadas abaixo.<\/p>\n<p>De toda forma, o Asiana disponibiliza algumas dicas de seguran\u00e7a que devem ser adotadas por voc\u00ea e poder\u00e3o auxiliar nesta jornada de seguran\u00e7a:<\/p>\n<ul>\n<li>Nunca forne\u00e7a a senha de seu cadastro a terceiros e, no caso de uso n\u00e3o autorizado, altere imediatamente suas credenciais de acesso.<\/li>\n<\/ul>\n<p><strong>POR QUANTO TEMPO O ASIANA ARMAZENAR\u00c1 OS SEUS DADOS PESSOAIS?<\/strong><\/p>\n<p>Os dados pessoais tratados pelo Asiana ser\u00e3o eliminados quando deixarem de ser \u00fateis para os fins para os quais foram coletados, ou quando voc\u00ea solicitar a sua elimina\u00e7\u00e3o, exceto na hip\u00f3tese de necessidade de cumprimento de obriga\u00e7\u00e3o legal ou regulat\u00f3ria, quando necess\u00e1rio para uso exclusivo do Asiana, inclusive para o exerc\u00edcio de seus direitos em processos judiciais ou administrativos.<\/p>\n<p><strong>QUAIS S\u00c3O OS MEUS DIREITOS COMO TITULAR DE DADOS PESSOAIS? <\/strong><\/p>\n<p>O Asiana respeita e garante a voc\u00ea os seguintes direitos:<\/p>\n<ul>\n<li>Confirma\u00e7\u00e3o se o Asiana realiza o tratamento dos seus dados pessoais;<\/li>\n<li>Caso o Asiana realize o tratamento dos seus dados pessoais, voc\u00ea tem direito de acessar estas informa\u00e7\u00f5es.<\/li>\n<li>Corre\u00e7\u00e3o dos seus dados pessoais, desde que possa comprovar que est\u00e3o incompletos, inexatos ou desatualizados;<\/li>\n<li>Solicitar a anonimiza\u00e7\u00e3o, bloqueio ou elimina\u00e7\u00e3o dos seus dados pessoais, desde que possa demonstrar que o tratamento destas informa\u00e7\u00f5es \u00e9 desnecess\u00e1rio, excessivo ou entendendo que ocorreu em desconformidade com a Lei Geral de Prote\u00e7\u00e3o de Dados;<\/li>\n<li>Portabilidade dos seus dados pessoais a outro fornecedor de servi\u00e7o ou produto. Este direito s\u00f3 ser\u00e1 aplic\u00e1vel ap\u00f3s a delimita\u00e7\u00e3o do padr\u00e3o de transfer\u00eancia destas informa\u00e7\u00f5es;<\/li>\n<li>Elimina\u00e7\u00e3o dos seus dados pessoais, desde tenham sido coletados ap\u00f3s a coleta do meu consentimento;<\/li>\n<li>Obten\u00e7\u00e3o de informa\u00e7\u00f5es sobre as entidades p\u00fablicas ou privadas com as quais o Asiana compartilha os seus dados pessoais;<\/li>\n<li>Informa\u00e7\u00e3o sobre as possibilidades e consequ\u00eancia de n\u00e3o fornecer o meu consentimento, quando o Asiana assim questionar; e<\/li>\n<li>Revoga\u00e7\u00e3o do consentimento que concedeu anteriormente.<\/li>\n<\/ul>\n<p><strong>COMO POSSO SOLICITAR O EXERC\u00cdCIO DOS MEUS DIREITOS?<\/strong><\/p>\n<p>O exerc\u00edcio dos direitos dos titulares no Asiana poder\u00e1 ser solicitado atrav\u00e9s do envio de e-mail <a href=\"mailto:contato@restauranteasiana.com.br\">contato@restauranteasiana.com.br<\/a> ou <a href=\"mailto:iris@rwgp.com.br\">iris@rwgp.com.br<\/a> , com o t\u00edtulo \u201cDireitos dos Titulares\u201d.<\/p>\n<p><strong>COMO FALAR SOBRE DADOS PESSOAIS COM O ASIANA?<\/strong><\/p>\n<p>Se voc\u00ea acredita que seus Dados Pessoais foram tratados de maneira incompat\u00edvel com esta Pol\u00edtica ou com as suas escolhas enquanto Titular dos seus Dados Pessoais, ou, ainda, se voc\u00ea tiver d\u00favidas, coment\u00e1rios ou sugest\u00f5es relacionadas a esta Pol\u00edtica e \u00e0 forma como tratamos seus Dados Pessoais, entre em contato conosco.<\/p>\n<p>N\u00f3s temos um Encarregado que est\u00e1 \u00e0 disposi\u00e7\u00e3o nos seguintes endere\u00e7os de contato:<\/p>\n<ul>\n<li><strong>Encarregado:<\/strong> Iris Saraiva Russowsky.<\/li>\n<li><strong>Endere\u00e7o de Correspond\u00eancia:<\/strong> Rua Dinarte Ribeiro, 148, 2\u00ba Andar, bairro Moinhos de Vento, Porto Alegre, Rio Grande do Sul, Brasil, CEP 90570-050.<\/li>\n<li><strong>Email para Contato:<\/strong> <a href=\"mailto:contato@restauranteasiana.com.br\">contato@restauranteasiana.com.br<\/a> ou <a href=\"mailto:iris@rwgp.com.br\">iris@rwgp.com.br<\/a><\/li>\n<\/ul>\n<p><strong>MUDAN\u00c7AS NA POL\u00cdTICA DE PRIVACIDADE<\/strong><\/p>\n<p>Como estamos sempre buscando melhorar os nossos servi\u00e7os e a forma como operamos, esta Pol\u00edtica de Privacidade pode passar por atualiza\u00e7\u00f5es para refletir as melhorias realizadas. Desta forma, recomendamos a visita peri\u00f3dica desta p\u00e1gina para que voc\u00ea tenha conhecimento sobre as modifica\u00e7\u00f5es efetivadas.<\/p>\n<p><strong>\u00daltima atualiza\u00e7\u00e3o: <\/strong>outubro de 2025.<strong><br \/>\n<\/strong><strong>Hist\u00f3rico de vers\u00f5es: <\/strong>janeiro de 2022, outubro de 2025.[\/vc_column_text][\/vc_column][\/vc_row]\n","protected":false},"excerpt":{"rendered":"<p>[vc_row type=&#8221;full_width_background&#8221; full_screen_row_position=&#8221;middle&#8221; column_margin=&#8221;default&#8221; equal_height=&#8221;yes&#8221; content_placement=&#8221;bottom&#8221; column_direction=&#8221;default&#8221; column_direction_tablet=&#8221;default&#8221; column_direction_phone=&#8221;default&#8221; bg_color=&#8221;#000000&#8243; bg_image=&#8221;1063&#8243; bg_position=&#8221;center center&#8221; background_image_loading=&#8221;default&#8221; bg_repeat=&#8221;no-repeat&#8221;&#8230;<\/p>\n","protected":false},"author":1,"featured_media":0,"parent":0,"menu_order":2,"comment_status":"closed","ping_status":"closed","template":"","meta":{"footnotes":""},"_links":{"self":[{"href":"https:\/\/www.restauranteasiana.com.br\/site\/wp-json\/wp\/v2\/pages\/1152"}],"collection":[{"href":"https:\/\/www.restauranteasiana.com.br\/site\/wp-json\/wp\/v2\/pages"}],"about":[{"href":"https:\/\/www.restauranteasiana.com.br\/site\/wp-json\/wp\/v2\/types\/page"}],"author":[{"embeddable":true,"href":"https:\/\/www.restauranteasiana.com.br\/site\/wp-json\/wp\/v2\/users\/1"}],"replies":[{"embeddable":true,"href":"https:\/\/www.restauranteasiana.com.br\/site\/wp-json\/wp\/v2\/comments?post=1152"}],"version-history":[{"count":6,"href":"https:\/\/www.restauranteasiana.com.br\/site\/wp-json\/wp\/v2\/pages\/1152\/revisions"}],"predecessor-version":[{"id":1159,"href":"https:\/\/www.restauranteasiana.com.br\/site\/wp-json\/wp\/v2\/pages\/1152\/revisions\/1159"}],"wp:attachment":[{"href":"https:\/\/www.restauranteasiana.com.br\/site\/wp-json\/wp\/v2\/media?parent=1152"}],"curies":[{"name":"wp","href":"https:\/\/api.w.org\/{rel}","templated":true}]}}